{"id":11165,"date":"2024-06-03T22:07:40","date_gmt":"2024-06-03T20:07:40","guid":{"rendered":"https:\/\/itena-clinical.com\/mentions-legales\/"},"modified":"2025-04-22T21:20:49","modified_gmt":"2025-04-22T19:20:49","slug":"mentions-legales","status":"publish","type":"page","link":"https:\/\/itena-clinical.com\/en\/mentions-legales\/","title":{"rendered":"Mentions l\u00e9gales"},"content":{"rendered":"\t\t<div data-elementor-type=\"wp-page\" data-elementor-id=\"11165\" class=\"elementor elementor-11165 elementor-1460\" data-elementor-post-type=\"page\">\n\t\t\t\t<div class=\"elementor-element elementor-element-d3ecd72 e-flex e-con-boxed e-con e-parent\" data-id=\"d3ecd72\" data-element_type=\"container\" data-e-type=\"container\" data-settings=\"{&quot;background_background&quot;:&quot;classic&quot;}\">\n\t\t\t\t\t<div class=\"e-con-inner\">\n\t\t\t\t<div class=\"elementor-element elementor-element-7d6131c elementor-widget elementor-widget-breadcrumbs\" data-id=\"7d6131c\" data-element_type=\"widget\" data-e-type=\"widget\" data-widget_type=\"breadcrumbs.default\">\n\t\t\t\t<div class=\"elementor-widget-container\">\n\t\t\t\t\t<p id=\"breadcrumbs\"><span><span><a href=\"https:\/\/itena-clinical.com\/en\/\">Home<\/a><\/span><\/span><\/p>\t\t\t\t<\/div>\n\t\t\t\t<\/div>\n\t\t\t\t<div class=\"elementor-element elementor-element-7ba10fa elementor-widget elementor-widget-theme-post-title elementor-page-title elementor-widget-heading\" data-id=\"7ba10fa\" data-element_type=\"widget\" data-e-type=\"widget\" data-widget_type=\"theme-post-title.default\">\n\t\t\t\t<div class=\"elementor-widget-container\">\n\t\t\t\t\t<h1 class=\"elementor-heading-title elementor-size-default\">Mentions l\u00e9gales<\/h1>\t\t\t\t<\/div>\n\t\t\t\t<\/div>\n\t\t\t\t<div class=\"elementor-element elementor-element-9fd3733 elementor-widget-divider--view-line elementor-widget elementor-widget-divider\" data-id=\"9fd3733\" data-element_type=\"widget\" data-e-type=\"widget\" data-widget_type=\"divider.default\">\n\t\t\t\t<div class=\"elementor-widget-container\">\n\t\t\t\t\t\t\t<div class=\"elementor-divider\">\n\t\t\t<span class=\"elementor-divider-separator\">\n\t\t\t\t\t\t<\/span>\n\t\t<\/div>\n\t\t\t\t\t\t<\/div>\n\t\t\t\t<\/div>\n\t\t\t\t\t<\/div>\n\t\t\t\t<\/div>\n\t\t<div class=\"elementor-element elementor-element-de76b56 e-flex e-con-boxed e-con e-parent\" data-id=\"de76b56\" data-element_type=\"container\" data-e-type=\"container\">\n\t\t\t\t\t<div class=\"e-con-inner\">\n\t\t<div class=\"elementor-element elementor-element-b6a4efb e-con-full e-flex e-con e-child\" data-id=\"b6a4efb\" data-element_type=\"container\" data-e-type=\"container\" data-settings=\"{&quot;background_background&quot;:&quot;classic&quot;}\">\n\t\t\t\t<div class=\"elementor-element elementor-element-fd252b4 elementor-widget elementor-widget-heading\" data-id=\"fd252b4\" data-element_type=\"widget\" data-e-type=\"widget\" data-widget_type=\"heading.default\">\n\t\t\t\t<div class=\"elementor-widget-container\">\n\t\t\t\t\t<h2 class=\"elementor-heading-title elementor-size-default\">1. Informations \u00e9diteur<\/h2>\t\t\t\t<\/div>\n\t\t\t\t<\/div>\n\t\t\t\t<div class=\"elementor-element elementor-element-f45fa87 elementor-widget elementor-widget-text-editor\" data-id=\"f45fa87\" data-element_type=\"widget\" data-e-type=\"widget\" data-widget_type=\"text-editor.default\">\n\t\t\t\t<div class=\"elementor-widget-container\">\n\t\t\t\t\t\t\t\t\t<p>Ce site est \u00e9dit\u00e9 par ITENA CLINICAL, Central Parc Bat. B, 97 All\u00e9e de La Louve, 93420 Villepinte &#8211; FRANCE, enregistr\u00e9e sous le num\u00e9ro de Siret<br>n\u00b0 445 276 132 00021 <br><br>L\u2019Editeur est joignable par email \u00e0 contact@itena-clinical.com et par t\u00e9l\u00e9phone au 01.49.63.56.16 du lundi au vendredi, de 9h \u00e0 12h30 et de 14h \u00e0 17h30.<\/p>\t\t\t\t\t\t\t\t<\/div>\n\t\t\t\t<\/div>\n\t\t\t\t<div class=\"elementor-element elementor-element-fbd6ea4 elementor-widget elementor-widget-heading\" data-id=\"fbd6ea4\" data-element_type=\"widget\" data-e-type=\"widget\" data-widget_type=\"heading.default\">\n\t\t\t\t<div class=\"elementor-widget-container\">\n\t\t\t\t\t<h2 class=\"elementor-heading-title elementor-size-default\">2. Informations h\u00e9bergeur<\/h2>\t\t\t\t<\/div>\n\t\t\t\t<\/div>\n\t\t\t\t<div class=\"elementor-element elementor-element-2636886 elementor-widget elementor-widget-text-editor\" data-id=\"2636886\" data-element_type=\"widget\" data-e-type=\"widget\" data-widget_type=\"text-editor.default\">\n\t\t\t\t<div class=\"elementor-widget-container\">\n\t\t\t\t\t\t\t\t\t<p>L\u2019h\u00e9bergement du site est assur\u00e9 par Wiboo sur les serveurs OVH SAS, filiale de la soci\u00e9t\u00e9 OVH Groupe SA, soci\u00e9t\u00e9 immatricul\u00e9e au RCS de Lille sous le num\u00e9ro 537 407 926 sise 2, rue Kellermann, 59100 Roubaix.<\/p><p>Site Web r\u00e9alis\u00e9 par Wiboo : <a href=\"https:\/\/wiboo.fr\">Wiboo<\/a><\/p>\t\t\t\t\t\t\t\t<\/div>\n\t\t\t\t<\/div>\n\t\t\t\t<div class=\"elementor-element elementor-element-40507a1 elementor-widget elementor-widget-heading\" data-id=\"40507a1\" data-element_type=\"widget\" data-e-type=\"widget\" data-widget_type=\"heading.default\">\n\t\t\t\t<div class=\"elementor-widget-container\">\n\t\t\t\t\t<h2 class=\"elementor-heading-title elementor-size-default\">3. Informatique et Libert\u00e9s<\/h2>\t\t\t\t<\/div>\n\t\t\t\t<\/div>\n\t\t\t\t<div class=\"elementor-element elementor-element-f713bd9 elementor-widget elementor-widget-text-editor\" data-id=\"f713bd9\" data-element_type=\"widget\" data-e-type=\"widget\" data-widget_type=\"text-editor.default\">\n\t\t\t\t<div class=\"elementor-widget-container\">\n\t\t\t\t\t\t\t\t\t<p>Soucieux du respect de la vie priv\u00e9e des utilisateurs du site Internet www.itena-clinical.com, ITENA CLINICAL France s\u2019engage \u00e0 ce que la collecte et le traitement d\u2019informations personnelles, soient effectu\u00e9s au sein du pr\u00e9sent site conform\u00e9ment \u00e0 la loi n\u00b078-17 du 6 janvier 1978 modifi\u00e9e relative \u00e0 l\u2019informatique, aux fichiers<br>et aux libert\u00e9s dite Loi \u00ab Informatique et Libert\u00e9s \u00bb.<\/p><p>Les informations saisies par les utilisateurs du site Internet www.itena-clinical.com sont susceptibles de faire l\u2019objet d\u2019un traitement informatique<br>par ITENA CLINICAL France.<\/p><p>A ce titre, les utilisateurs du site Internet www.itena-clinical.com disposent d\u2019un droit d\u2019acc\u00e8s, de modification, de rectification et de suppression des donn\u00e9es qui les concernent.<\/p><p>L\u2019utilisateur de ce site est notamment inform\u00e9 que, conform\u00e9ment \u00e0 l\u2019article 27 de la loi Informatique et Libert\u00e9s du 6 janvier 1978, les informations communiqu\u00e9es par l\u2019utilisateur du fait des formulaires pr\u00e9sents sur le site, sont n\u00e9cessaires pour r\u00e9pondre \u00e0 sa demande, et sont destin\u00e9es \u00e0 ITENA CLINICAL France, responsable du traitement, \u00e0 des fins de gestion administrative et commerciale.<\/p>\t\t\t\t\t\t\t\t<\/div>\n\t\t\t\t<\/div>\n\t\t\t\t<div class=\"elementor-element elementor-element-d72ce19 elementor-widget elementor-widget-heading\" data-id=\"d72ce19\" data-element_type=\"widget\" data-e-type=\"widget\" data-widget_type=\"heading.default\">\n\t\t\t\t<div class=\"elementor-widget-container\">\n\t\t\t\t\t<h2 class=\"elementor-heading-title elementor-size-default\">4. Exercice des droits<\/h2>\t\t\t\t<\/div>\n\t\t\t\t<\/div>\n\t\t\t\t<div class=\"elementor-element elementor-element-290fc14 elementor-widget elementor-widget-text-editor\" data-id=\"290fc14\" data-element_type=\"widget\" data-e-type=\"widget\" data-widget_type=\"text-editor.default\">\n\t\t\t\t<div class=\"elementor-widget-container\">\n\t\t\t\t\t\t\t\t\t<p>Soucieux du respect de la vie priv\u00e9e des utilisateurs du site Internet www.itena-clinical.com, ITENA CLINICAL France s\u2019engage \u00e0 ce que la collecte et le traitement d\u2019informations personnelles, soient effectu\u00e9s au sein du pr\u00e9sent site conform\u00e9ment \u00e0 la loi n\u00b078-17 du 6 janvier 1978 modifi\u00e9e relative \u00e0 l\u2019informatique, aux fichiers<br>et aux libert\u00e9s dite Loi \u00ab Informatique et Libert\u00e9s \u00bb.<\/p><p>Les informations saisies par les utilisateurs du site Internet www.itena-clinical.com sont susceptibles de faire l\u2019objet d\u2019un traitement informatique<br>par ITENA CLINICAL France.<\/p><p>A ce titre, les utilisateurs du site Internet www.itena-clinical.com disposent d\u2019un droit d\u2019acc\u00e8s, de modification, de rectification et de suppression des donn\u00e9es qui les concernent.<\/p><p>L\u2019utilisateur de ce site est notamment inform\u00e9 que, conform\u00e9ment \u00e0 l\u2019article 27 de la loi Informatique et Libert\u00e9s du 6 janvier 1978, les informations communiqu\u00e9es par l\u2019utilisateur du fait des formulaires pr\u00e9sents sur le site, sont n\u00e9cessaires pour r\u00e9pondre \u00e0 sa demande, et sont destin\u00e9es \u00e0 ITENA CLINICAL France, responsable du traitement, \u00e0 des fins de gestion administrative et commerciale.<\/p><p>Pour plus d\u2019informations sur la loi Informatique et Libert\u00e9s, vous pouvez consulter le site Internet de la CNIL (http:\/\/www.cnil.fr)<\/p>\t\t\t\t\t\t\t\t<\/div>\n\t\t\t\t<\/div>\n\t\t\t\t<div class=\"elementor-element elementor-element-064acc3 elementor-widget elementor-widget-heading\" data-id=\"064acc3\" data-element_type=\"widget\" data-e-type=\"widget\" data-widget_type=\"heading.default\">\n\t\t\t\t<div class=\"elementor-widget-container\">\n\t\t\t\t\t<h2 class=\"elementor-heading-title elementor-size-default\">5. Droits d\u2019auteur \/ Copyright<\/h2>\t\t\t\t<\/div>\n\t\t\t\t<\/div>\n\t\t\t\t<div class=\"elementor-element elementor-element-9967029 elementor-widget elementor-widget-text-editor\" data-id=\"9967029\" data-element_type=\"widget\" data-e-type=\"widget\" data-widget_type=\"text-editor.default\">\n\t\t\t\t<div class=\"elementor-widget-container\">\n\t\t\t\t\t\t\t\t\t<p>Les marques et logos figurant sur ce site sont des marques d\u00e9pos\u00e9es par leurs propri\u00e9taires respectifs. Leur mention n\u2019accorde en aucune mani\u00e8re une licence ou un droit d\u2019utilisation quelconque desdites marques, qui ne peuvent donc \u00eatre utilis\u00e9es sans le consentement pr\u00e9alable et \u00e9crit du propri\u00e9taire de la marque sous peine de contrefa\u00e7on. <\/p><p>L\u2019ensemble des informations pr\u00e9sentes sur ce site peut \u00eatre t\u00e9l\u00e9charg\u00e9, reproduit, imprim\u00e9 sous r\u00e9serve de :<\/p><p>\u2013 n\u2019utiliser de telles informations qu\u2019\u00e0 des fins personnelles et en aucune mani\u00e8re \u00e0 des fins commerciales ;<br>\u2013 ne pas modifier de telles informations ;<br>\u2013 reproduire sur toutes copies la mention des droits d\u2019auteur (\u201cle copyright\u201d) d\u2019ITENA CLINICAL France ou du propri\u00e9taire du document.<br>Toute autre utilisation non express\u00e9ment autoris\u00e9e ou toute repr\u00e9sentation totale ou partielle de ce site, par quelque proc\u00e9d\u00e9 que ce soit, est strictement interdite sans autorisation pr\u00e9alable et \u00e9crite d\u2019ITENA CLINICAL France constituerait une contrefa\u00e7on sanctionn\u00e9e par les articles L 355-2 et suivants du Code de la Propri\u00e9t\u00e9 Intellectuelle.<\/p>\t\t\t\t\t\t\t\t<\/div>\n\t\t\t\t<\/div>\n\t\t\t\t<div class=\"elementor-element elementor-element-8d5fa34 elementor-widget elementor-widget-heading\" data-id=\"8d5fa34\" data-element_type=\"widget\" data-e-type=\"widget\" data-widget_type=\"heading.default\">\n\t\t\t\t<div class=\"elementor-widget-container\">\n\t\t\t\t\t<h2 class=\"elementor-heading-title elementor-size-default\">6. Responsabilit\u00e9<\/h2>\t\t\t\t<\/div>\n\t\t\t\t<\/div>\n\t\t\t\t<div class=\"elementor-element elementor-element-54fb60e elementor-widget elementor-widget-text-editor\" data-id=\"54fb60e\" data-element_type=\"widget\" data-e-type=\"widget\" data-widget_type=\"text-editor.default\">\n\t\t\t\t<div class=\"elementor-widget-container\">\n\t\t\t\t\t\t\t\t\t<p>ITENA CLINICAL France ne saurait \u00eatre tenue responsable des dommages directs et indirects qui pourraient r\u00e9sulter de l\u2019acc\u00e8s ou de l\u2019utilisation du Site ou des informations y figurant, quelle qu\u2019en soit la nature.<\/p><p>ITENA CLINICAL France d\u00e9cline toute responsabilit\u00e9 concernant l\u2019opportunit\u00e9 des d\u00e9cisions et les modalit\u00e9s de son ex\u00e9cution prises par les utilisateurs sur la seule foi des informations publi\u00e9es sur le Site.<\/p><p>ITENA CLINICAL France d\u00e9cline toute responsabilit\u00e9 en cas de dommages subis par l\u2019utilisateur \u00e0 raison notamment de la perte, de la d\u00e9t\u00e9rioration ou de l\u2019alt\u00e9ration de fichiers, de la transmission d\u2019un virus qui pourraient infecter son \u00e9quipement informatique ou tout autre bien \u00e0 l\u2019occasion de la connexion et\/ou de la consultation et\/ou de l\u2019utilisation du Site.<\/p>\t\t\t\t\t\t\t\t<\/div>\n\t\t\t\t<\/div>\n\t\t\t\t<div class=\"elementor-element elementor-element-932b58f elementor-widget elementor-widget-heading\" data-id=\"932b58f\" data-element_type=\"widget\" data-e-type=\"widget\" data-widget_type=\"heading.default\">\n\t\t\t\t<div class=\"elementor-widget-container\">\n\t\t\t\t\t<h2 class=\"elementor-heading-title elementor-size-default\">ECOSYSTEM<\/h2>\t\t\t\t<\/div>\n\t\t\t\t<\/div>\n\t\t\t\t<div class=\"elementor-element elementor-element-a645c59 elementor-widget elementor-widget-text-editor\" data-id=\"a645c59\" data-element_type=\"widget\" data-e-type=\"widget\" data-widget_type=\"text-editor.default\">\n\t\t\t\t<div class=\"elementor-widget-container\">\n\t\t\t\t\t\t\t\t\t<p>L&#8217;identifiant unique FR007944_05B4TY attestant de l&#8217;enregistrement au registre des producteurs de la fili\u00e8re EEE, en application de l&#8217;article L.541-10-13 du Code de l&#8217;Environnement a \u00e9t\u00e9 attribu\u00e9 par l&#8217;ADEME \u00e0 la soci\u00e9t\u00e9 ITENA CLINICAL (code Siret 522 824 689 00031). Cet identifiant atteste de sa conformit\u00e9 au regard de son obligation d&#8217;enregistrement au registre des producteurs d&#8217;Equipements Electriques et Electroniques et de la r\u00e9alisation de ses d\u00e9clarations de mises sur le march\u00e9 aupr\u00e8s d&#8217;Ecosystem. <\/p>\t\t\t\t\t\t\t\t<\/div>\n\t\t\t\t<\/div>\n\t\t\t\t<div class=\"elementor-element elementor-element-05b0ca7 elementor-widget elementor-widget-heading\" data-id=\"05b0ca7\" data-element_type=\"widget\" data-e-type=\"widget\" data-widget_type=\"heading.default\">\n\t\t\t\t<div class=\"elementor-widget-container\">\n\t\t\t\t\t<h2 class=\"elementor-heading-title elementor-size-default\">7. Messagerie<\/h2>\t\t\t\t<\/div>\n\t\t\t\t<\/div>\n\t\t\t\t<div class=\"elementor-element elementor-element-c9d7607 elementor-widget elementor-widget-text-editor\" data-id=\"c9d7607\" data-element_type=\"widget\" data-e-type=\"widget\" data-widget_type=\"text-editor.default\">\n\t\t\t\t<div class=\"elementor-widget-container\">\n\t\t\t\t\t\t\t\t\t<p>Pour toute remarque sur le fonctionnement du site, vous pouvez envoyer un message \u00e0 l\u2019adresse suivante : contact@itena-clinical.com<\/p>\t\t\t\t\t\t\t\t<\/div>\n\t\t\t\t<\/div>\n\t\t\t\t<\/div>\n\t\t\t\t\t<\/div>\n\t\t\t\t<\/div>\n\t\t\t\t<\/div>\n\t\t","protected":false},"excerpt":{"rendered":"<p>1. Informations \u00e9diteur Ce site est \u00e9dit\u00e9 par ITENA CLINICAL, Central Parc Bat. B, 97 All\u00e9e de La Louve, 93420 Villepinte &#8211; FRANCE, enregistr\u00e9e sous le num\u00e9ro de Siretn\u00b0 445 276 132 00021 L\u2019Editeur est joignable par email \u00e0 contact@itena-clinical.com et par t\u00e9l\u00e9phone au 01.49.63.56.16 du lundi au vendredi, de 9h \u00e0 12h30 et de [&hellip;]<\/p>\n","protected":false},"author":1,"featured_media":0,"parent":0,"menu_order":0,"comment_status":"closed","ping_status":"closed","template":"","meta":{"_acf_changed":false,"footnotes":""},"class_list":["post-11165","page","type-page","status-publish","hentry"],"acf":[],"yoast_head":"<!-- This site is optimized with the Yoast SEO plugin v27.4 - https:\/\/yoast.com\/product\/yoast-seo-wordpress\/ -->\n<title>Mentions l\u00e9gales - Itena<\/title>\n<meta name=\"robots\" content=\"index, follow, max-snippet:-1, max-image-preview:large, max-video-preview:-1\" \/>\n<link rel=\"canonical\" href=\"https:\/\/itena-clinical.com\/en\/mentions-legales\/\" \/>\n<meta property=\"og:locale\" content=\"en_US\" \/>\n<meta property=\"og:type\" content=\"article\" \/>\n<meta property=\"og:title\" content=\"Mentions l\u00e9gales - Itena\" \/>\n<meta property=\"og:description\" content=\"1. Informations \u00e9diteur Ce site est \u00e9dit\u00e9 par ITENA CLINICAL, Central Parc Bat. B, 97 All\u00e9e de La Louve, 93420 Villepinte &#8211; FRANCE, enregistr\u00e9e sous le num\u00e9ro de Siretn\u00b0 445 276 132 00021 L\u2019Editeur est joignable par email \u00e0 contact@itena-clinical.com et par t\u00e9l\u00e9phone au 01.49.63.56.16 du lundi au vendredi, de 9h \u00e0 12h30 et de [&hellip;]\" \/>\n<meta property=\"og:url\" content=\"https:\/\/itena-clinical.com\/en\/mentions-legales\/\" \/>\n<meta property=\"og:site_name\" content=\"Itena\" \/>\n<meta property=\"article:modified_time\" content=\"2025-04-22T19:20:49+00:00\" \/>\n<meta name=\"twitter:card\" content=\"summary_large_image\" \/>\n<meta name=\"twitter:label1\" content=\"Est. reading time\" \/>\n\t<meta name=\"twitter:data1\" content=\"5 minutes\" \/>\n<script type=\"application\/ld+json\" class=\"yoast-schema-graph\">{\"@context\":\"https:\\\/\\\/schema.org\",\"@graph\":[{\"@type\":\"WebPage\",\"@id\":\"https:\\\/\\\/itena-clinical.com\\\/en\\\/mentions-legales\\\/\",\"url\":\"https:\\\/\\\/itena-clinical.com\\\/en\\\/mentions-legales\\\/\",\"name\":\"Mentions l\u00e9gales - Itena\",\"isPartOf\":{\"@id\":\"https:\\\/\\\/itena-clinical.com\\\/en\\\/#website\"},\"datePublished\":\"2024-06-03T20:07:40+00:00\",\"dateModified\":\"2025-04-22T19:20:49+00:00\",\"breadcrumb\":{\"@id\":\"https:\\\/\\\/itena-clinical.com\\\/en\\\/mentions-legales\\\/#breadcrumb\"},\"inLanguage\":\"en-US\",\"potentialAction\":[{\"@type\":\"ReadAction\",\"target\":[\"https:\\\/\\\/itena-clinical.com\\\/en\\\/mentions-legales\\\/\"]}]},{\"@type\":\"BreadcrumbList\",\"@id\":\"https:\\\/\\\/itena-clinical.com\\\/en\\\/mentions-legales\\\/#breadcrumb\",\"itemListElement\":[{\"@type\":\"ListItem\",\"position\":1,\"name\":\"Home\",\"item\":\"https:\\\/\\\/itena-clinical.com\\\/en\\\/\"},{\"@type\":\"ListItem\",\"position\":2,\"name\":\"Mentions l\u00e9gales\"}]},{\"@type\":\"WebSite\",\"@id\":\"https:\\\/\\\/itena-clinical.com\\\/en\\\/#website\",\"url\":\"https:\\\/\\\/itena-clinical.com\\\/en\\\/\",\"name\":\"Itena\",\"description\":\"\",\"publisher\":{\"@id\":\"https:\\\/\\\/itena-clinical.com\\\/en\\\/#organization\"},\"potentialAction\":[{\"@type\":\"SearchAction\",\"target\":{\"@type\":\"EntryPoint\",\"urlTemplate\":\"https:\\\/\\\/itena-clinical.com\\\/en\\\/?s={search_term_string}\"},\"query-input\":{\"@type\":\"PropertyValueSpecification\",\"valueRequired\":true,\"valueName\":\"search_term_string\"}}],\"inLanguage\":\"en-US\"},{\"@type\":\"Organization\",\"@id\":\"https:\\\/\\\/itena-clinical.com\\\/en\\\/#organization\",\"name\":\"Itena\",\"url\":\"https:\\\/\\\/itena-clinical.com\\\/en\\\/\",\"logo\":{\"@type\":\"ImageObject\",\"inLanguage\":\"en-US\",\"@id\":\"https:\\\/\\\/itena-clinical.com\\\/en\\\/#\\\/schema\\\/logo\\\/image\\\/\",\"url\":\"https:\\\/\\\/itena-clinical.com\\\/wp-content\\\/uploads\\\/2024\\\/04\\\/itena_clinical_logo.svg\",\"contentUrl\":\"https:\\\/\\\/itena-clinical.com\\\/wp-content\\\/uploads\\\/2024\\\/04\\\/itena_clinical_logo.svg\",\"caption\":\"Itena\"},\"image\":{\"@id\":\"https:\\\/\\\/itena-clinical.com\\\/en\\\/#\\\/schema\\\/logo\\\/image\\\/\"}}]}<\/script>\n<!-- \/ Yoast SEO plugin. -->","yoast_head_json":{"title":"Mentions l\u00e9gales - Itena","robots":{"index":"index","follow":"follow","max-snippet":"max-snippet:-1","max-image-preview":"max-image-preview:large","max-video-preview":"max-video-preview:-1"},"canonical":"https:\/\/itena-clinical.com\/en\/mentions-legales\/","og_locale":"en_US","og_type":"article","og_title":"Mentions l\u00e9gales - Itena","og_description":"1. Informations \u00e9diteur Ce site est \u00e9dit\u00e9 par ITENA CLINICAL, Central Parc Bat. B, 97 All\u00e9e de La Louve, 93420 Villepinte &#8211; FRANCE, enregistr\u00e9e sous le num\u00e9ro de Siretn\u00b0 445 276 132 00021 L\u2019Editeur est joignable par email \u00e0 contact@itena-clinical.com et par t\u00e9l\u00e9phone au 01.49.63.56.16 du lundi au vendredi, de 9h \u00e0 12h30 et de [&hellip;]","og_url":"https:\/\/itena-clinical.com\/en\/mentions-legales\/","og_site_name":"Itena","article_modified_time":"2025-04-22T19:20:49+00:00","twitter_card":"summary_large_image","twitter_misc":{"Est. reading time":"5 minutes"},"schema":{"@context":"https:\/\/schema.org","@graph":[{"@type":"WebPage","@id":"https:\/\/itena-clinical.com\/en\/mentions-legales\/","url":"https:\/\/itena-clinical.com\/en\/mentions-legales\/","name":"Mentions l\u00e9gales - Itena","isPartOf":{"@id":"https:\/\/itena-clinical.com\/en\/#website"},"datePublished":"2024-06-03T20:07:40+00:00","dateModified":"2025-04-22T19:20:49+00:00","breadcrumb":{"@id":"https:\/\/itena-clinical.com\/en\/mentions-legales\/#breadcrumb"},"inLanguage":"en-US","potentialAction":[{"@type":"ReadAction","target":["https:\/\/itena-clinical.com\/en\/mentions-legales\/"]}]},{"@type":"BreadcrumbList","@id":"https:\/\/itena-clinical.com\/en\/mentions-legales\/#breadcrumb","itemListElement":[{"@type":"ListItem","position":1,"name":"Home","item":"https:\/\/itena-clinical.com\/en\/"},{"@type":"ListItem","position":2,"name":"Mentions l\u00e9gales"}]},{"@type":"WebSite","@id":"https:\/\/itena-clinical.com\/en\/#website","url":"https:\/\/itena-clinical.com\/en\/","name":"Itena","description":"","publisher":{"@id":"https:\/\/itena-clinical.com\/en\/#organization"},"potentialAction":[{"@type":"SearchAction","target":{"@type":"EntryPoint","urlTemplate":"https:\/\/itena-clinical.com\/en\/?s={search_term_string}"},"query-input":{"@type":"PropertyValueSpecification","valueRequired":true,"valueName":"search_term_string"}}],"inLanguage":"en-US"},{"@type":"Organization","@id":"https:\/\/itena-clinical.com\/en\/#organization","name":"Itena","url":"https:\/\/itena-clinical.com\/en\/","logo":{"@type":"ImageObject","inLanguage":"en-US","@id":"https:\/\/itena-clinical.com\/en\/#\/schema\/logo\/image\/","url":"https:\/\/itena-clinical.com\/wp-content\/uploads\/2024\/04\/itena_clinical_logo.svg","contentUrl":"https:\/\/itena-clinical.com\/wp-content\/uploads\/2024\/04\/itena_clinical_logo.svg","caption":"Itena"},"image":{"@id":"https:\/\/itena-clinical.com\/en\/#\/schema\/logo\/image\/"}}]}},"_links":{"self":[{"href":"https:\/\/itena-clinical.com\/en\/wp-json\/wp\/v2\/pages\/11165","targetHints":{"allow":["GET"]}}],"collection":[{"href":"https:\/\/itena-clinical.com\/en\/wp-json\/wp\/v2\/pages"}],"about":[{"href":"https:\/\/itena-clinical.com\/en\/wp-json\/wp\/v2\/types\/page"}],"author":[{"embeddable":true,"href":"https:\/\/itena-clinical.com\/en\/wp-json\/wp\/v2\/users\/1"}],"replies":[{"embeddable":true,"href":"https:\/\/itena-clinical.com\/en\/wp-json\/wp\/v2\/comments?post=11165"}],"version-history":[{"count":1,"href":"https:\/\/itena-clinical.com\/en\/wp-json\/wp\/v2\/pages\/11165\/revisions"}],"predecessor-version":[{"id":11166,"href":"https:\/\/itena-clinical.com\/en\/wp-json\/wp\/v2\/pages\/11165\/revisions\/11166"}],"wp:attachment":[{"href":"https:\/\/itena-clinical.com\/en\/wp-json\/wp\/v2\/media?parent=11165"}],"curies":[{"name":"wp","href":"https:\/\/api.w.org\/{rel}","templated":true}]}}