{"id":10000,"date":"2025-01-15T17:24:57","date_gmt":"2025-01-15T15:24:57","guid":{"rendered":"https:\/\/itena-clinical.com\/debreglamento-a%e2%80%a0a-los-sobre-asobrefin\/"},"modified":"2025-04-22T11:03:44","modified_gmt":"2025-04-22T09:03:44","slug":"debreglamento-a%e2%80%a0a-los-sobre-asobrefin","status":"publish","type":"page","link":"https:\/\/itena-clinical.com\/es\/debreglamento-a%e2%80%a0a-los-sobre-asobrefin\/","title":{"rendered":"Candidatura a una oferta de trabajo"},"content":{"rendered":"\t\t<div data-elementor-type=\"wp-page\" data-elementor-id=\"10000\" class=\"elementor elementor-10000 elementor-8434\" data-elementor-post-type=\"page\">\n\t\t\t\t<div class=\"elementor-element elementor-element-308d29fb e-flex e-con-boxed e-con e-parent\" data-id=\"308d29fb\" data-element_type=\"container\" data-e-type=\"container\">\n\t\t\t\t\t<div class=\"e-con-inner\">\n\t\t<div class=\"elementor-element elementor-element-4c79eb3 e-con-full e-flex e-con e-child\" data-id=\"4c79eb3\" data-element_type=\"container\" data-e-type=\"container\">\n\t\t\t\t<div class=\"elementor-element elementor-element-54c34df elementor-widget elementor-widget-heading\" data-id=\"54c34df\" data-element_type=\"widget\" data-e-type=\"widget\" data-widget_type=\"heading.default\">\n\t\t\t\t<div class=\"elementor-widget-container\">\n\t\t\t\t\t<h2 class=\"elementor-heading-title elementor-size-default\">Candidatura a una oferta de trabajo<\/h2>\t\t\t\t<\/div>\n\t\t\t\t<\/div>\n\t\t\t\t<div class=\"elementor-element elementor-element-571cbe47 elementor-widget elementor-widget-text-editor\" data-id=\"571cbe47\" data-element_type=\"widget\" data-e-type=\"widget\" data-widget_type=\"text-editor.default\">\n\t\t\t\t<div class=\"elementor-widget-container\">\n\t\t\t\t\t\t\t\t\t<p><div class=\"frm_forms  with_frm_style frm_style_style-formidable\" id=\"frm_form_4_container\" >\n<form enctype=\"multipart\/form-data\" method=\"post\" class=\"frm-show-form  frm_pro_form \" id=\"form_candidature-offre\" >\n<div class=\"frm_form_fields \">\n<fieldset>\n<legend class=\"frm_screen_reader\">Solicitud de oferta de trabajo<\/legend>\r\n\r\n<div class=\"frm_fields_container\">\n<input type=\"hidden\" name=\"frm_action\" value=\"create\" \/>\n<input type=\"hidden\" name=\"form_id\" value=\"4\" \/>\n<input type=\"hidden\" name=\"frm_hide_fields_4\" id=\"frm_hide_fields_4\" value=\"\" \/>\n<input type=\"hidden\" name=\"form_key\" value=\"candidature-offre\" \/>\n<input type=\"hidden\" name=\"item_meta[0]\" value=\"\" \/>\n<input type=\"hidden\" id=\"frm_submit_entry_4\" name=\"frm_submit_entry_4\" value=\"1961941b23\" \/><input type=\"hidden\" name=\"_wp_http_referer\" value=\"\/es\/wp-json\/wp\/v2\/pages\/10000\" \/><div id=\"frm_field_34_container\" class=\"frm_form_field form-field  frm_required_field frm_top_container frm4 frm_first\">\r\n\t<label for=\"field_mfwmc3\" id=\"field_mfwmc3_label\" class=\"frm_primary_label\">Civilidad\r\n\t\t<span class=\"frm_required\" aria-hidden=\"true\">*<\/span>\r\n\t<\/label>\r\n\t\t\t<select name=\"item_meta[34]\" id=\"field_mfwmc3\"  data-reqmsg=\"Civilidad no puede estar vac\u00edo.\" aria-required=\"true\" data-invmsg=\"Civilidad no es v\u00e1lido\" aria-invalid=\"false\"  >\n\t\t<option  value=\"Selectionner\">Seleccionar<\/option><option  value=\"Mme\">Se\u00f1ora<\/option><option  value=\"Mr\">Se\u00f1or<\/option><option  value=\"Autre\">Otro<\/option>\t<\/select>\n\t\r\n\t\r\n\t\r\n<\/div>\n<div id=\"frm_field_35_container\" class=\"frm_form_field form-field  frm_required_field frm_top_container frm4\">\r\n\t<label for=\"field_qh4icy3\" id=\"field_qh4icy3_label\" class=\"frm_primary_label\">Nombre\r\n\t\t<span class=\"frm_required\" aria-hidden=\"true\">*<\/span>\r\n\t<\/label>\r\n\t<input  type=\"text\" id=\"field_qh4icy3\" name=\"item_meta[35]\" value=\"\"  data-reqmsg=\"Nombre no puede estar vac\u00edo.\" aria-required=\"true\" data-invmsg=\"Nombre est non valide\" aria-invalid=\"false\"   \/>\r\n\t\r\n\t\r\n<\/div>\n<div id=\"frm_field_36_container\" class=\"frm_form_field form-field  frm_required_field frm_top_container frm4\">\r\n\t<label for=\"field_ocfup13\" id=\"field_ocfup13_label\" class=\"frm_primary_label\">Nombre de pila\r\n\t\t<span class=\"frm_required\" aria-hidden=\"true\">*<\/span>\r\n\t<\/label>\r\n\t<input  type=\"text\" id=\"field_ocfup13\" name=\"item_meta[36]\" value=\"\"  data-reqmsg=\"Nombre de pila no puede estar vac\u00edo.\" aria-required=\"true\" data-invmsg=\"Nombre de pila est non valide\" aria-invalid=\"false\"   \/>\r\n\t\r\n\t\r\n<\/div>\n<div id=\"frm_field_37_container\" class=\"frm_form_field form-field  frm_required_field frm_top_container frm6 frm_first\">\r\n\t<label for=\"field_d0m2j3\" id=\"field_d0m2j3_label\" class=\"frm_primary_label\">Tel\u00e9fono\r\n\t\t<span class=\"frm_required\" aria-hidden=\"true\">*<\/span>\r\n\t<\/label>\r\n\t<input type=\"tel\" id=\"field_d0m2j3\" name=\"item_meta[37]\" value=\"\"  data-reqmsg=\"Tel\u00e9fono no puede estar vac\u00edo.\" aria-required=\"true\" data-invmsg=\"Tel\u00e9fono no es v\u00e1lido\" aria-invalid=\"false\" pattern=\"((\\+\\d{1,3}(-|.| )?\\(?\\d\\)?(-| |.)?\\d{1,5})|(\\(?\\d{2,6}\\)?))(-|.| )?(\\d{3,4})(-|.| )?(\\d{4})(( x| ext)\\d{1,5}){0,1}$\"  \/>\r\n\t\r\n\t\r\n<\/div>\n<div id=\"frm_field_38_container\" class=\"frm_form_field form-field  frm_required_field frm_top_container frm6\">\r\n\t<label for=\"field_29yf4d3\" id=\"field_29yf4d3_label\" class=\"frm_primary_label\">Email\r\n\t\t<span class=\"frm_required\" aria-hidden=\"true\">*<\/span>\r\n\t<\/label>\r\n\t<input type=\"email\" id=\"field_29yf4d3\" name=\"item_meta[38]\" value=\"\"  data-reqmsg=\"Email no puede estar vac\u00edo.\" aria-required=\"true\" data-invmsg=\"Por favor, introduce una direcci\u00f3n de correo electr\u00f3nico v\u00e1lida\" aria-invalid=\"false\"  \/>\r\n\t\r\n\t\r\n<\/div>\n<div id=\"frm_field_39_container\" class=\"frm_form_field form-field  frm_required_field frm_top_container frm_full\">\r\n\t<label for=\"field_9jv0r13\" id=\"field_9jv0r13_label\" class=\"frm_primary_label\">Mensaje\r\n\t\t<span class=\"frm_required\" aria-hidden=\"true\">*<\/span>\r\n\t<\/label>\r\n\t<textarea name=\"item_meta[39]\" id=\"field_9jv0r13\" rows=\"5\"  data-reqmsg=\"Mensaje no puede estar vac\u00edo.\" aria-required=\"true\" data-invmsg=\"Mensaje est non valide\" aria-invalid=\"false\"  ><\/textarea>\r\n\t\r\n\t\r\n<\/div>\n<div id=\"frm_field_43_container\" class=\"frm_form_field form-field  frm_top_container frm6 frm_first\">\r\n\t<label for=\"field_nr1z1\" id=\"field_nr1z1_label\" class=\"frm_primary_label\">Posici\u00f3n en cuesti\u00f3n\r\n\t\t<span class=\"frm_required\" aria-hidden=\"true\"><\/span>\r\n\t<\/label>\r\n\t<input  type=\"text\" id=\"field_nr1z1\" name=\"item_meta[43]\" value=\"\"  data-invmsg=\"Posici\u00f3n en cuesti\u00f3n est non valide\" aria-invalid=\"false\"   \/>\r\n\t\r\n\t\r\n<\/div>\n<div id=\"frm_field_40_container\" class=\"frm_form_field form-field  frm_required_field frm_top_container frm6\">\r\n\t<label for=\"field_r1zes2\" id=\"field_r1zes2_label\" class=\"frm_primary_label\">Adjunta tu CV\r\n\t\t<span class=\"frm_required\" aria-hidden=\"true\">*<\/span>\r\n\t<\/label>\r\n\t<input type=\"hidden\"  data-reqmsg=\"Adjunta tu CV no puede estar vac\u00edo.\" data-invmsg=\"Adjunta tu CV no es v\u00e1lido\" class=\"auto_width\" aria-invalid=\"false\"   name=\"item_meta[40]\"  data-reqmsg=\"Adjunta tu CV no puede estar vac\u00edo.\"  value=\"\" data-frmfile=\"40\" \/>\n\n<div class=\"frm_dropzone frm_single_upload frm_clearfix\" id=\"file40_dropzone\" role=\"group\" >\n\t<div class=\"fallback\">\n\t\t<input type=\"file\" name=\"file40\" id=\"field_r1zes2\"\n\t\t\t data-reqmsg=\"Adjunta tu CV no puede estar vac\u00edo.\" data-invmsg=\"Adjunta tu CV no es v\u00e1lido\" class=\"auto_width\" aria-invalid=\"false\"  \t\t\t\/>\n\t\t\t\t<div class=\"frm_clearfix \"><\/div>\n\t<\/div>\n\t<div class=\"dz-message needsclick\">\n\t\t\t\t<svg  viewBox=\"0 0 18 18\" class=\"frmsvg frm-svg-icon\">\n\t<path viewBox=\"0 0 18 18\" fill-rule=\"evenodd\" clip-rule=\"evenodd\" d=\"M8.2 4v8a.8.8 0 001.5 0V4l2.1 2.2A.7.7 0 1013 5L9.5 1.7a.7.7 0 00-1.1 0L5.1 5.2a.8.8 0 001 1l2.1-2zm7.6 4.3c.4 0 .7.3.7.7v6.8c0 .4-.3.7-.8.7H2.3a.8.8 0 01-.8-.8V9A.8.8 0 013 9v6h12V9c0-.4.3-.8.8-.8z\"><\/path>\n<\/svg>\t\t<span class=\"frm_upload_text\"><button type=\"button\" aria-label=\"Adjunta tu CV. D\u00e9poser votre CV ici ou cliquer pour t\u00e9l\u00e9charger. Tama\u00f1o m\u00e1ximo del archivo: 5MB\">D\u00e9poser votre CV ici ou cliquer pour t\u00e9l\u00e9charger<\/button><\/span>\n\t\t<span class=\"frm_compact_text\"><button type=\"button\" aria-label=\"Adjunta tu CV. Choisir un fichier. Tama\u00f1o m\u00e1ximo del archivo: 5MB\">Choisir un fichier<\/button><\/span>\n\t\t<div class=\"frm_small_text\">\n\t\t\t<p>Tama\u00f1o m\u00e1ximo del archivo: 5MB<\/p>\n\t\t<\/div>\n\t<\/div>\n<\/div>\n\t\r\n\t\r\n\t\r\n<\/div>\n<div id=\"frm_field_41_container\" class=\"frm_form_field form-field  frm_required_field frm_none_container vertical_radio\">\r\n\t<div  id=\"field_qtigp3_label\" class=\"frm_primary_label\">\r\n\t\t<span class=\"frm_required\" aria-hidden=\"true\">*<\/span>\r\n\t<\/div>\r\n\t<div class=\"frm_opt_container\" aria-labelledby=\"field_qtigp3_label\" role=\"group\">\t\t<div class=\"frm_checkbox\" id=\"frm_checkbox_41-0\">\t\t\t<label  for=\"field_qtigp3-0\">\n\t\t\t<input type=\"checkbox\" name=\"item_meta[41][]\" id=\"field_qtigp3-0\" value=\"Je confirme avoir pris connaissance des informations relatives au recueil et \u00e0 la gestion de mes donn\u00e9es via ce formulaire. Les informations recueillies par Itena Clinical via ce formulaire sont utilis\u00e9es pour traiter votre demande. Pour demander la modification ou la suppression de vos informations, utilisez le formulaire suivant : &lt;a href=&quot;\/contact\/?tab=2&quot; target=&quot;_blank&quot;&gt;Cliquez-ici&lt;\/a&gt;.\"  data-reqmsg=\"Este campo no puede estar vac\u00edo.\" data-invmsg=\"Este campo no es v\u00e1lido\"   aria-required=\"true\"  \/> Confirmo que he le\u00eddo la informaci\u00f3n relativa a la recogida y gesti\u00f3n de mis datos a trav\u00e9s de este formulario. La informaci\u00f3n recopilada por Itena Clinical a trav\u00e9s de este formulario se utiliza para procesar su solicitud. Para solicitar la modificaci\u00f3n o eliminaci\u00f3n de su informaci\u00f3n, utilice el siguiente formulario: <a href=\"\/contact\/?tab=2\" target=\"_blank\">Haga clic aqu\u00ed<\/a>.<\/label><\/div>\n<\/div>\r\n\t\r\n\t\r\n<\/div>\n<div id=\"frm_field_42_container\" class=\"frm_form_field form-field \">\r\n\t<div class=\"frm_submit frm_flex\">\r\n<button class=\"frm_button_submit frm_final_submit\" type=\"submit\"   formnovalidate=\"formnovalidate\">Enviar<\/button>\r\n\r\n\r\n\r\n<\/div>\r\n<\/div>\n\t<input type=\"hidden\" name=\"item_key\" value=\"\" \/>\n\t\t\t<div id=\"frm_field_62_container\">\n\t\t\t<label for=\"field_iblji\" >\n\t\t\t\tSi eres humano, deja este campo en blanco.\t\t\t<\/label>\n\t\t\t<input  id=\"field_iblji\" type=\"text\" class=\"frm_form_field form-field frm_verify\" name=\"item_meta[62]\" value=\"\"  \/>\n\t\t<\/div>\n\t\t<input name=\"frm_state\" type=\"hidden\" value=\"DNehef9ZqdxlnTSDB3QW8ekKrMHjIamvYt5WHbk4TL\/NebbvKAe++qT6mJ8MRg3Q\" \/><\/div>\n<\/fieldset>\n<\/div>\n\n<p style=\"display: none !important;\" class=\"akismet-fields-container\" data-prefix=\"ak_\"><label>&#916;<textarea name=\"ak_hp_textarea\" cols=\"45\" rows=\"8\" maxlength=\"100\"><\/textarea><\/label><input type=\"hidden\" id=\"ak_js_1\" name=\"ak_js\" value=\"188\"\/><script>document.getElementById( \"ak_js_1\" ).setAttribute( \"value\", ( new Date() ).getTime() );<\/script><\/p><\/form>\n<\/div>\n<\/p>\t\t\t\t\t\t\t\t<\/div>\n\t\t\t\t<\/div>\n\t\t\t\t<\/div>\n\t\t\t\t\t<\/div>\n\t\t\t\t<\/div>\n\t\t\t\t<\/div>\n\t\t","protected":false},"excerpt":{"rendered":"<p>Candidatura a una oferta de trabajo<\/p>\n","protected":false},"author":1,"featured_media":0,"parent":0,"menu_order":0,"comment_status":"closed","ping_status":"closed","template":"","meta":{"_acf_changed":false,"footnotes":""},"class_list":["post-10000","page","type-page","status-publish","hentry"],"acf":[],"yoast_head":"<!-- This site is optimized with the Yoast SEO plugin v27.4 - https:\/\/yoast.com\/product\/yoast-seo-wordpress\/ -->\n<title>Candidatura a una oferta de trabajo - Itena<\/title>\n<meta name=\"robots\" content=\"index, follow, max-snippet:-1, max-image-preview:large, max-video-preview:-1\" \/>\n<link rel=\"canonical\" href=\"https:\/\/itena-clinical.com\/es\/debreglamento-a%e2%80%a0a-los-sobre-asobrefin\/\" \/>\n<meta property=\"og:locale\" content=\"es_ES\" \/>\n<meta property=\"og:type\" content=\"article\" \/>\n<meta property=\"og:title\" content=\"Candidatura a una oferta de trabajo - Itena\" \/>\n<meta property=\"og:description\" content=\"Candidatura a una oferta de trabajo\" \/>\n<meta property=\"og:url\" content=\"https:\/\/itena-clinical.com\/es\/debreglamento-a%e2%80%a0a-los-sobre-asobrefin\/\" \/>\n<meta property=\"og:site_name\" content=\"Itena\" \/>\n<meta property=\"article:modified_time\" content=\"2025-04-22T09:03:44+00:00\" \/>\n<meta name=\"twitter:card\" content=\"summary_large_image\" \/>\n<script type=\"application\/ld+json\" class=\"yoast-schema-graph\">{\"@context\":\"https:\\\/\\\/schema.org\",\"@graph\":[{\"@type\":\"WebPage\",\"@id\":\"https:\\\/\\\/itena-clinical.com\\\/es\\\/debreglamento-a%e2%80%a0a-los-sobre-asobrefin\\\/\",\"url\":\"https:\\\/\\\/itena-clinical.com\\\/es\\\/debreglamento-a%e2%80%a0a-los-sobre-asobrefin\\\/\",\"name\":\"Candidatura a una oferta de trabajo - Itena\",\"isPartOf\":{\"@id\":\"https:\\\/\\\/itena-clinical.com\\\/es\\\/#website\"},\"datePublished\":\"2025-01-15T15:24:57+00:00\",\"dateModified\":\"2025-04-22T09:03:44+00:00\",\"breadcrumb\":{\"@id\":\"https:\\\/\\\/itena-clinical.com\\\/es\\\/debreglamento-a%e2%80%a0a-los-sobre-asobrefin\\\/#breadcrumb\"},\"inLanguage\":\"es\",\"potentialAction\":[{\"@type\":\"ReadAction\",\"target\":[\"https:\\\/\\\/itena-clinical.com\\\/es\\\/debreglamento-a%e2%80%a0a-los-sobre-asobrefin\\\/\"]}]},{\"@type\":\"BreadcrumbList\",\"@id\":\"https:\\\/\\\/itena-clinical.com\\\/es\\\/debreglamento-a%e2%80%a0a-los-sobre-asobrefin\\\/#breadcrumb\",\"itemListElement\":[{\"@type\":\"ListItem\",\"position\":1,\"name\":\"Inicio\",\"item\":\"https:\\\/\\\/itena-clinical.com\\\/es\\\/\"},{\"@type\":\"ListItem\",\"position\":2,\"name\":\"Candidatura a una oferta de trabajo\"}]},{\"@type\":\"WebSite\",\"@id\":\"https:\\\/\\\/itena-clinical.com\\\/es\\\/#website\",\"url\":\"https:\\\/\\\/itena-clinical.com\\\/es\\\/\",\"name\":\"Itena\",\"description\":\"\",\"publisher\":{\"@id\":\"https:\\\/\\\/itena-clinical.com\\\/es\\\/#organization\"},\"potentialAction\":[{\"@type\":\"SearchAction\",\"target\":{\"@type\":\"EntryPoint\",\"urlTemplate\":\"https:\\\/\\\/itena-clinical.com\\\/es\\\/?s={search_term_string}\"},\"query-input\":{\"@type\":\"PropertyValueSpecification\",\"valueRequired\":true,\"valueName\":\"search_term_string\"}}],\"inLanguage\":\"es\"},{\"@type\":\"Organization\",\"@id\":\"https:\\\/\\\/itena-clinical.com\\\/es\\\/#organization\",\"name\":\"Itena\",\"url\":\"https:\\\/\\\/itena-clinical.com\\\/es\\\/\",\"logo\":{\"@type\":\"ImageObject\",\"inLanguage\":\"es\",\"@id\":\"https:\\\/\\\/itena-clinical.com\\\/es\\\/#\\\/schema\\\/logo\\\/image\\\/\",\"url\":\"https:\\\/\\\/itena-clinical.com\\\/wp-content\\\/uploads\\\/2024\\\/04\\\/itena_clinical_logo.svg\",\"contentUrl\":\"https:\\\/\\\/itena-clinical.com\\\/wp-content\\\/uploads\\\/2024\\\/04\\\/itena_clinical_logo.svg\",\"caption\":\"Itena\"},\"image\":{\"@id\":\"https:\\\/\\\/itena-clinical.com\\\/es\\\/#\\\/schema\\\/logo\\\/image\\\/\"}}]}<\/script>\n<!-- \/ Yoast SEO plugin. -->","yoast_head_json":{"title":"Candidatura a una oferta de trabajo - Itena","robots":{"index":"index","follow":"follow","max-snippet":"max-snippet:-1","max-image-preview":"max-image-preview:large","max-video-preview":"max-video-preview:-1"},"canonical":"https:\/\/itena-clinical.com\/es\/debreglamento-a%e2%80%a0a-los-sobre-asobrefin\/","og_locale":"es_ES","og_type":"article","og_title":"Candidatura a una oferta de trabajo - Itena","og_description":"Candidatura a una oferta de trabajo","og_url":"https:\/\/itena-clinical.com\/es\/debreglamento-a%e2%80%a0a-los-sobre-asobrefin\/","og_site_name":"Itena","article_modified_time":"2025-04-22T09:03:44+00:00","twitter_card":"summary_large_image","schema":{"@context":"https:\/\/schema.org","@graph":[{"@type":"WebPage","@id":"https:\/\/itena-clinical.com\/es\/debreglamento-a%e2%80%a0a-los-sobre-asobrefin\/","url":"https:\/\/itena-clinical.com\/es\/debreglamento-a%e2%80%a0a-los-sobre-asobrefin\/","name":"Candidatura a una oferta de trabajo - Itena","isPartOf":{"@id":"https:\/\/itena-clinical.com\/es\/#website"},"datePublished":"2025-01-15T15:24:57+00:00","dateModified":"2025-04-22T09:03:44+00:00","breadcrumb":{"@id":"https:\/\/itena-clinical.com\/es\/debreglamento-a%e2%80%a0a-los-sobre-asobrefin\/#breadcrumb"},"inLanguage":"es","potentialAction":[{"@type":"ReadAction","target":["https:\/\/itena-clinical.com\/es\/debreglamento-a%e2%80%a0a-los-sobre-asobrefin\/"]}]},{"@type":"BreadcrumbList","@id":"https:\/\/itena-clinical.com\/es\/debreglamento-a%e2%80%a0a-los-sobre-asobrefin\/#breadcrumb","itemListElement":[{"@type":"ListItem","position":1,"name":"Inicio","item":"https:\/\/itena-clinical.com\/es\/"},{"@type":"ListItem","position":2,"name":"Candidatura a una oferta de trabajo"}]},{"@type":"WebSite","@id":"https:\/\/itena-clinical.com\/es\/#website","url":"https:\/\/itena-clinical.com\/es\/","name":"Itena","description":"","publisher":{"@id":"https:\/\/itena-clinical.com\/es\/#organization"},"potentialAction":[{"@type":"SearchAction","target":{"@type":"EntryPoint","urlTemplate":"https:\/\/itena-clinical.com\/es\/?s={search_term_string}"},"query-input":{"@type":"PropertyValueSpecification","valueRequired":true,"valueName":"search_term_string"}}],"inLanguage":"es"},{"@type":"Organization","@id":"https:\/\/itena-clinical.com\/es\/#organization","name":"Itena","url":"https:\/\/itena-clinical.com\/es\/","logo":{"@type":"ImageObject","inLanguage":"es","@id":"https:\/\/itena-clinical.com\/es\/#\/schema\/logo\/image\/","url":"https:\/\/itena-clinical.com\/wp-content\/uploads\/2024\/04\/itena_clinical_logo.svg","contentUrl":"https:\/\/itena-clinical.com\/wp-content\/uploads\/2024\/04\/itena_clinical_logo.svg","caption":"Itena"},"image":{"@id":"https:\/\/itena-clinical.com\/es\/#\/schema\/logo\/image\/"}}]}},"_links":{"self":[{"href":"https:\/\/itena-clinical.com\/es\/wp-json\/wp\/v2\/pages\/10000","targetHints":{"allow":["GET"]}}],"collection":[{"href":"https:\/\/itena-clinical.com\/es\/wp-json\/wp\/v2\/pages"}],"about":[{"href":"https:\/\/itena-clinical.com\/es\/wp-json\/wp\/v2\/types\/page"}],"author":[{"embeddable":true,"href":"https:\/\/itena-clinical.com\/es\/wp-json\/wp\/v2\/users\/1"}],"replies":[{"embeddable":true,"href":"https:\/\/itena-clinical.com\/es\/wp-json\/wp\/v2\/comments?post=10000"}],"version-history":[{"count":5,"href":"https:\/\/itena-clinical.com\/es\/wp-json\/wp\/v2\/pages\/10000\/revisions"}],"predecessor-version":[{"id":11132,"href":"https:\/\/itena-clinical.com\/es\/wp-json\/wp\/v2\/pages\/10000\/revisions\/11132"}],"wp:attachment":[{"href":"https:\/\/itena-clinical.com\/es\/wp-json\/wp\/v2\/media?parent=10000"}],"curies":[{"name":"wp","href":"https:\/\/api.w.org\/{rel}","templated":true}]}}