{"id":9831,"date":"2024-08-23T15:43:26","date_gmt":"2024-08-23T13:43:26","guid":{"rendered":"https:\/\/itena-clinical.com\/debde-articulofin\/"},"modified":"2025-04-22T11:04:23","modified_gmt":"2025-04-22T09:04:23","slug":"debde-articulofin","status":"publish","type":"page","link":"https:\/\/itena-clinical.com\/es\/debde-articulofin\/","title":{"rendered":"Iniciar sesi\u00f3n"},"content":{"rendered":"\t\t<div data-elementor-type=\"wp-page\" data-elementor-id=\"9831\" class=\"elementor elementor-9831 elementor-4926\" data-elementor-post-type=\"page\">\n\t\t\t\t<div class=\"elementor-element elementor-element-56e9e7e e-flex e-con-boxed e-con e-parent\" data-id=\"56e9e7e\" data-element_type=\"container\" data-e-type=\"container\" data-settings=\"{&quot;background_background&quot;:&quot;classic&quot;}\">\n\t\t\t\t\t<div class=\"e-con-inner\">\n\t\t\t\t<div class=\"elementor-element elementor-element-28cbdec elementor-widget elementor-widget-breadcrumbs\" data-id=\"28cbdec\" data-element_type=\"widget\" data-e-type=\"widget\" data-widget_type=\"breadcrumbs.default\">\n\t\t\t\t<div class=\"elementor-widget-container\">\n\t\t\t\t\t<p id=\"breadcrumbs\"><span><span><a href=\"https:\/\/itena-clinical.com\/es\/\">Inicio<\/a><\/span><\/span><\/p>\t\t\t\t<\/div>\n\t\t\t\t<\/div>\n\t\t\t\t<div class=\"elementor-element elementor-element-e59e4d3 elementor-widget elementor-widget-heading\" data-id=\"e59e4d3\" data-element_type=\"widget\" data-e-type=\"widget\" data-widget_type=\"heading.default\">\n\t\t\t\t<div class=\"elementor-widget-container\">\n\t\t\t\t\t<h1 class=\"elementor-heading-title elementor-size-default\">\u00c1rea de socios<\/h1>\t\t\t\t<\/div>\n\t\t\t\t<\/div>\n\t\t\t\t<div class=\"elementor-element elementor-element-49e7910 elementor-widget-divider--view-line elementor-widget elementor-widget-divider\" data-id=\"49e7910\" data-element_type=\"widget\" data-e-type=\"widget\" data-widget_type=\"divider.default\">\n\t\t\t\t<div class=\"elementor-widget-container\">\n\t\t\t\t\t\t\t<div class=\"elementor-divider\">\n\t\t\t<span class=\"elementor-divider-separator\">\n\t\t\t\t\t\t<\/span>\n\t\t<\/div>\n\t\t\t\t\t\t<\/div>\n\t\t\t\t<\/div>\n\t\t\t\t\t<\/div>\n\t\t\t\t<\/div>\n\t\t<div class=\"elementor-element elementor-element-2182d2c3 e-flex e-con-boxed e-con e-parent\" data-id=\"2182d2c3\" data-element_type=\"container\" data-e-type=\"container\" data-settings=\"{&quot;background_background&quot;:&quot;classic&quot;}\">\n\t\t\t\t\t<div class=\"e-con-inner\">\n\t\t<div class=\"elementor-element elementor-element-ec28d1b e-con-full e-flex e-con e-child\" data-id=\"ec28d1b\" data-element_type=\"container\" data-e-type=\"container\" data-settings=\"{&quot;background_background&quot;:&quot;classic&quot;}\">\n\t\t\t\t<div class=\"elementor-element elementor-element-8bec3b7 elementor-widget elementor-widget-heading\" data-id=\"8bec3b7\" data-element_type=\"widget\" data-e-type=\"widget\" data-widget_type=\"heading.default\">\n\t\t\t\t<div class=\"elementor-widget-container\">\n\t\t\t\t\t<h2 class=\"elementor-heading-title elementor-size-default\">Con\u00e9ctese<\/h2>\t\t\t\t<\/div>\n\t\t\t\t<\/div>\n\t\t\t\t<div class=\"elementor-element elementor-element-434cc493 elementor-widget elementor-widget-shortcode\" data-id=\"434cc493\" data-element_type=\"widget\" data-e-type=\"widget\" data-widget_type=\"shortcode.default\">\n\t\t\t\t<div class=\"elementor-widget-container\">\n\t\t\t\t\t\t\t<div class=\"elementor-shortcode\">    <div class=\"custom-login-form\">\n                <form method=\"post\" action=\"https:\/\/itena-clinical.com\/es\/wp-login.php?redirect_to=https%3A%2F%2Fitena-clinical.com%2Fespace-partenaires%2F\">\n            <div class=\"form-group\">\n                <label class=\"screen-reader-label\" for=\"user_login\">Adresse email<\/label>\n                <input type=\"text\" name=\"log\" id=\"user_login\" class=\"input\" placeholder=\"Adresse email\" required>\n            <\/div>\n            <div class=\"form-group\">\n                <label class=\"screen-reader-label\" for=\"user_pass\">Mot de passe<\/label>\n                <input type=\"password\" name=\"pwd\" id=\"user_pass\" class=\"input\" placeholder=\"Mot de passe\" required>\n            <\/div>\n            <div class=\"form-group\">\n                <button type=\"submit\" name=\"wp-submit\" id=\"wp-submit\" class=\"button\">Se connecter<\/button>\n            <\/div>\n            <div class=\"form-links\">\n                <a href=\"https:\/\/itena-clinical.com\/connexion\/recuperer-son-mot-de-passe\/\">Mot de passe perdu<\/a>\n            <\/div>\n        <\/form>\n        <div class=\"additional-links\">\n            <p>Pas encore de compte ?&nbsp;<a href=\"https:\/\/itena-clinical.com\/contact\"> Contactez-nous<\/a><\/p>\n        <\/div>\n    <\/div>\n    <\/div>\n\t\t\t\t\t\t<\/div>\n\t\t\t\t<\/div>\n\t\t\t\t<\/div>\n\t\t\t\t\t<\/div>\n\t\t\t\t<\/div>\n\t\t\t\t<\/div>\n\t\t","protected":false},"excerpt":{"rendered":"<p>\u00c1rea de socios Con\u00e9ctese<\/p>\n","protected":false},"author":1,"featured_media":0,"parent":0,"menu_order":0,"comment_status":"closed","ping_status":"closed","template":"","meta":{"_acf_changed":false,"footnotes":""},"class_list":["post-9831","page","type-page","status-publish","hentry"],"acf":[],"yoast_head":"<!-- This site is optimized with the Yoast SEO plugin v27.4 - https:\/\/yoast.com\/product\/yoast-seo-wordpress\/ -->\n<title>Iniciar sesi\u00f3n - Itena<\/title>\n<meta name=\"robots\" content=\"index, follow, max-snippet:-1, max-image-preview:large, max-video-preview:-1\" \/>\n<link rel=\"canonical\" href=\"https:\/\/itena-clinical.com\/es\/debde-articulofin\/\" \/>\n<meta property=\"og:locale\" content=\"es_ES\" \/>\n<meta property=\"og:type\" content=\"article\" \/>\n<meta property=\"og:title\" content=\"Iniciar sesi\u00f3n - Itena\" \/>\n<meta property=\"og:description\" content=\"\u00c1rea de socios Con\u00e9ctese\" \/>\n<meta property=\"og:url\" content=\"https:\/\/itena-clinical.com\/es\/debde-articulofin\/\" \/>\n<meta property=\"og:site_name\" content=\"Itena\" \/>\n<meta property=\"article:modified_time\" content=\"2025-04-22T09:04:23+00:00\" \/>\n<meta name=\"twitter:card\" content=\"summary_large_image\" \/>\n<script type=\"application\/ld+json\" class=\"yoast-schema-graph\">{\"@context\":\"https:\\\/\\\/schema.org\",\"@graph\":[{\"@type\":\"WebPage\",\"@id\":\"https:\\\/\\\/itena-clinical.com\\\/es\\\/debde-articulofin\\\/\",\"url\":\"https:\\\/\\\/itena-clinical.com\\\/es\\\/debde-articulofin\\\/\",\"name\":\"Iniciar sesi\u00f3n - Itena\",\"isPartOf\":{\"@id\":\"https:\\\/\\\/itena-clinical.com\\\/es\\\/#website\"},\"datePublished\":\"2024-08-23T13:43:26+00:00\",\"dateModified\":\"2025-04-22T09:04:23+00:00\",\"breadcrumb\":{\"@id\":\"https:\\\/\\\/itena-clinical.com\\\/es\\\/debde-articulofin\\\/#breadcrumb\"},\"inLanguage\":\"es\",\"potentialAction\":[{\"@type\":\"ReadAction\",\"target\":[\"https:\\\/\\\/itena-clinical.com\\\/es\\\/debde-articulofin\\\/\"]}]},{\"@type\":\"BreadcrumbList\",\"@id\":\"https:\\\/\\\/itena-clinical.com\\\/es\\\/debde-articulofin\\\/#breadcrumb\",\"itemListElement\":[{\"@type\":\"ListItem\",\"position\":1,\"name\":\"Inicio\",\"item\":\"https:\\\/\\\/itena-clinical.com\\\/es\\\/\"},{\"@type\":\"ListItem\",\"position\":2,\"name\":\"Iniciar sesi\u00f3n\"}]},{\"@type\":\"WebSite\",\"@id\":\"https:\\\/\\\/itena-clinical.com\\\/es\\\/#website\",\"url\":\"https:\\\/\\\/itena-clinical.com\\\/es\\\/\",\"name\":\"Itena\",\"description\":\"\",\"publisher\":{\"@id\":\"https:\\\/\\\/itena-clinical.com\\\/es\\\/#organization\"},\"potentialAction\":[{\"@type\":\"SearchAction\",\"target\":{\"@type\":\"EntryPoint\",\"urlTemplate\":\"https:\\\/\\\/itena-clinical.com\\\/es\\\/?s={search_term_string}\"},\"query-input\":{\"@type\":\"PropertyValueSpecification\",\"valueRequired\":true,\"valueName\":\"search_term_string\"}}],\"inLanguage\":\"es\"},{\"@type\":\"Organization\",\"@id\":\"https:\\\/\\\/itena-clinical.com\\\/es\\\/#organization\",\"name\":\"Itena\",\"url\":\"https:\\\/\\\/itena-clinical.com\\\/es\\\/\",\"logo\":{\"@type\":\"ImageObject\",\"inLanguage\":\"es\",\"@id\":\"https:\\\/\\\/itena-clinical.com\\\/es\\\/#\\\/schema\\\/logo\\\/image\\\/\",\"url\":\"https:\\\/\\\/itena-clinical.com\\\/wp-content\\\/uploads\\\/2024\\\/04\\\/itena_clinical_logo.svg\",\"contentUrl\":\"https:\\\/\\\/itena-clinical.com\\\/wp-content\\\/uploads\\\/2024\\\/04\\\/itena_clinical_logo.svg\",\"caption\":\"Itena\"},\"image\":{\"@id\":\"https:\\\/\\\/itena-clinical.com\\\/es\\\/#\\\/schema\\\/logo\\\/image\\\/\"}}]}<\/script>\n<!-- \/ Yoast SEO plugin. -->","yoast_head_json":{"title":"Iniciar sesi\u00f3n - Itena","robots":{"index":"index","follow":"follow","max-snippet":"max-snippet:-1","max-image-preview":"max-image-preview:large","max-video-preview":"max-video-preview:-1"},"canonical":"https:\/\/itena-clinical.com\/es\/debde-articulofin\/","og_locale":"es_ES","og_type":"article","og_title":"Iniciar sesi\u00f3n - Itena","og_description":"\u00c1rea de socios Con\u00e9ctese","og_url":"https:\/\/itena-clinical.com\/es\/debde-articulofin\/","og_site_name":"Itena","article_modified_time":"2025-04-22T09:04:23+00:00","twitter_card":"summary_large_image","schema":{"@context":"https:\/\/schema.org","@graph":[{"@type":"WebPage","@id":"https:\/\/itena-clinical.com\/es\/debde-articulofin\/","url":"https:\/\/itena-clinical.com\/es\/debde-articulofin\/","name":"Iniciar sesi\u00f3n - Itena","isPartOf":{"@id":"https:\/\/itena-clinical.com\/es\/#website"},"datePublished":"2024-08-23T13:43:26+00:00","dateModified":"2025-04-22T09:04:23+00:00","breadcrumb":{"@id":"https:\/\/itena-clinical.com\/es\/debde-articulofin\/#breadcrumb"},"inLanguage":"es","potentialAction":[{"@type":"ReadAction","target":["https:\/\/itena-clinical.com\/es\/debde-articulofin\/"]}]},{"@type":"BreadcrumbList","@id":"https:\/\/itena-clinical.com\/es\/debde-articulofin\/#breadcrumb","itemListElement":[{"@type":"ListItem","position":1,"name":"Inicio","item":"https:\/\/itena-clinical.com\/es\/"},{"@type":"ListItem","position":2,"name":"Iniciar sesi\u00f3n"}]},{"@type":"WebSite","@id":"https:\/\/itena-clinical.com\/es\/#website","url":"https:\/\/itena-clinical.com\/es\/","name":"Itena","description":"","publisher":{"@id":"https:\/\/itena-clinical.com\/es\/#organization"},"potentialAction":[{"@type":"SearchAction","target":{"@type":"EntryPoint","urlTemplate":"https:\/\/itena-clinical.com\/es\/?s={search_term_string}"},"query-input":{"@type":"PropertyValueSpecification","valueRequired":true,"valueName":"search_term_string"}}],"inLanguage":"es"},{"@type":"Organization","@id":"https:\/\/itena-clinical.com\/es\/#organization","name":"Itena","url":"https:\/\/itena-clinical.com\/es\/","logo":{"@type":"ImageObject","inLanguage":"es","@id":"https:\/\/itena-clinical.com\/es\/#\/schema\/logo\/image\/","url":"https:\/\/itena-clinical.com\/wp-content\/uploads\/2024\/04\/itena_clinical_logo.svg","contentUrl":"https:\/\/itena-clinical.com\/wp-content\/uploads\/2024\/04\/itena_clinical_logo.svg","caption":"Itena"},"image":{"@id":"https:\/\/itena-clinical.com\/es\/#\/schema\/logo\/image\/"}}]}},"_links":{"self":[{"href":"https:\/\/itena-clinical.com\/es\/wp-json\/wp\/v2\/pages\/9831","targetHints":{"allow":["GET"]}}],"collection":[{"href":"https:\/\/itena-clinical.com\/es\/wp-json\/wp\/v2\/pages"}],"about":[{"href":"https:\/\/itena-clinical.com\/es\/wp-json\/wp\/v2\/types\/page"}],"author":[{"embeddable":true,"href":"https:\/\/itena-clinical.com\/es\/wp-json\/wp\/v2\/users\/1"}],"replies":[{"embeddable":true,"href":"https:\/\/itena-clinical.com\/es\/wp-json\/wp\/v2\/comments?post=9831"}],"version-history":[{"count":5,"href":"https:\/\/itena-clinical.com\/es\/wp-json\/wp\/v2\/pages\/9831\/revisions"}],"predecessor-version":[{"id":11140,"href":"https:\/\/itena-clinical.com\/es\/wp-json\/wp\/v2\/pages\/9831\/revisions\/11140"}],"wp:attachment":[{"href":"https:\/\/itena-clinical.com\/es\/wp-json\/wp\/v2\/media?parent=9831"}],"curies":[{"name":"wp","href":"https:\/\/api.w.org\/{rel}","templated":true}]}}