{"id":9843,"date":"2024-08-23T15:43:26","date_gmt":"2024-08-23T13:43:26","guid":{"rendered":"https:\/\/itena-clinical.com\/debde-articulofin\/debarticulo-los-los-de-sobrefin\/"},"modified":"2025-04-22T11:04:38","modified_gmt":"2025-04-22T09:04:38","slug":"debarticulo-los-los-de-sobrefin","status":"publish","type":"page","link":"https:\/\/itena-clinical.com\/es\/debde-articulofin\/debarticulo-los-los-de-sobrefin\/","title":{"rendered":"Recuperar su contrase\u00f1a"},"content":{"rendered":"\t\t<div data-elementor-type=\"wp-page\" data-elementor-id=\"9843\" class=\"elementor elementor-9843 elementor-4928\" data-elementor-post-type=\"page\">\n\t\t\t\t<div class=\"elementor-element elementor-element-552f5c4 e-flex e-con-boxed e-con e-parent\" data-id=\"552f5c4\" data-element_type=\"container\" data-e-type=\"container\" data-settings=\"{&quot;background_background&quot;:&quot;classic&quot;}\">\n\t\t\t\t\t<div class=\"e-con-inner\">\n\t\t\t\t<div class=\"elementor-element elementor-element-dcff51b elementor-widget elementor-widget-breadcrumbs\" data-id=\"dcff51b\" data-element_type=\"widget\" data-e-type=\"widget\" data-widget_type=\"breadcrumbs.default\">\n\t\t\t\t<div class=\"elementor-widget-container\">\n\t\t\t\t\t<p id=\"breadcrumbs\"><span><span><a href=\"https:\/\/itena-clinical.com\/es\/\">Inicio<\/a><\/span><\/span><\/p>\t\t\t\t<\/div>\n\t\t\t\t<\/div>\n\t\t\t\t<div class=\"elementor-element elementor-element-5a2817a elementor-widget elementor-widget-heading\" data-id=\"5a2817a\" data-element_type=\"widget\" data-e-type=\"widget\" data-widget_type=\"heading.default\">\n\t\t\t\t<div class=\"elementor-widget-container\">\n\t\t\t\t\t<h1 class=\"elementor-heading-title elementor-size-default\">Restablecer su contrase\u00f1a<\/h1>\t\t\t\t<\/div>\n\t\t\t\t<\/div>\n\t\t\t\t<div class=\"elementor-element elementor-element-7fe0dbf elementor-widget-divider--view-line elementor-widget elementor-widget-divider\" data-id=\"7fe0dbf\" data-element_type=\"widget\" data-e-type=\"widget\" data-widget_type=\"divider.default\">\n\t\t\t\t<div class=\"elementor-widget-container\">\n\t\t\t\t\t\t\t<div class=\"elementor-divider\">\n\t\t\t<span class=\"elementor-divider-separator\">\n\t\t\t\t\t\t<\/span>\n\t\t<\/div>\n\t\t\t\t\t\t<\/div>\n\t\t\t\t<\/div>\n\t\t\t\t\t<\/div>\n\t\t\t\t<\/div>\n\t\t<div class=\"elementor-element elementor-element-5cb8ae3 e-flex e-con-boxed e-con e-parent\" data-id=\"5cb8ae3\" data-element_type=\"container\" data-e-type=\"container\" data-settings=\"{&quot;background_background&quot;:&quot;classic&quot;}\">\n\t\t\t\t\t<div class=\"e-con-inner\">\n\t\t<div class=\"elementor-element elementor-element-35866cb e-con-full e-flex e-con e-child\" data-id=\"35866cb\" data-element_type=\"container\" data-e-type=\"container\" data-settings=\"{&quot;background_background&quot;:&quot;classic&quot;}\">\n\t\t\t\t<div class=\"elementor-element elementor-element-5769ca7 elementor-widget elementor-widget-heading\" data-id=\"5769ca7\" data-element_type=\"widget\" data-e-type=\"widget\" data-widget_type=\"heading.default\">\n\t\t\t\t<div class=\"elementor-widget-container\">\n\t\t\t\t\t<h2 class=\"elementor-heading-title elementor-size-default\">Su contrase\u00f1a<\/h2>\t\t\t\t<\/div>\n\t\t\t\t<\/div>\n\t\t\t\t<div class=\"elementor-element elementor-element-6aceae1 elementor-widget elementor-widget-shortcode\" data-id=\"6aceae1\" data-element_type=\"widget\" data-e-type=\"widget\" data-widget_type=\"shortcode.default\">\n\t\t\t\t<div class=\"elementor-widget-container\">\n\t\t\t\t\t\t\t<div class=\"elementor-shortcode\"><div class=\"swpm-pw-reset-widget-form\">\n    <form id=\"swpm-pw-reset-form\" name=\"swpm-reset-form\" method=\"post\" action=\"\">\n        <div class=\"swpm-pw-reset-widget-inside\">\n            <div class=\"swpm-pw-reset-email swpm-margin-top-10\">\n                <label for=\"swpm_reset_email\" class=\"swpm_label swpm-pw-reset-email-label\">Direcci\u00f3n de correo electr\u00f3nico<\/label>\n            <\/div>\n            <div class=\"swpm-pw-reset-email-input swpm-margin-top-10\">\n                <input type=\"text\" name=\"swpm_reset_email\" class=\"swpm-text-field swpm-pw-reset-text\" id=\"swpm_reset_email\"  value=\"\" size=\"30\" \/>\n            <\/div>\n            <div class=\"swpm-before-login-submit-section\"><\/div>\n            <div class=\"swpm-pw-reset-submit-button\">\n                <input type=\"submit\" name=\"swpm-reset\" class=\"swpm-pw-reset-submit swpm-submit-btn-default-style\" value=\"Restablecer la contrase\u00f1a\" \/>\n            <\/div>\n        <\/div>\n    <\/form>\n<\/div>\n<div class=\"swpm_pass_reset_processing_msg_section\">\n    <p id=\"swpm_pass_reset_processing_msg\" hidden=\"hidden\">\n        Procesando la solicitud para restablecer contrase\u00f1a...    <\/p>\n<\/div>\n<script>\n  document.getElementById(\"swpm-pw-reset-form\").addEventListener(\"submit\", function() {\n  let p = document.getElementById('swpm_pass_reset_processing_msg');\n    p.removeAttribute(\"hidden\");\n  });\n<\/script>\n<\/div>\n\t\t\t\t\t\t<\/div>\n\t\t\t\t<\/div>\n\t\t\t\t<\/div>\n\t\t\t\t\t<\/div>\n\t\t\t\t<\/div>\n\t\t\t\t<\/div>\n\t\t","protected":false},"excerpt":{"rendered":"<p>Restablecer su contrase\u00f1a Su contrase\u00f1a<\/p>\n","protected":false},"author":1,"featured_media":0,"parent":9831,"menu_order":0,"comment_status":"closed","ping_status":"closed","template":"","meta":{"_acf_changed":false,"footnotes":""},"class_list":["post-9843","page","type-page","status-publish","hentry"],"acf":[],"yoast_head":"<!-- This site is optimized with the Yoast SEO plugin v27.4 - https:\/\/yoast.com\/product\/yoast-seo-wordpress\/ -->\n<title>Recuperar su contrase\u00f1a - Itena<\/title>\n<meta name=\"robots\" content=\"index, follow, max-snippet:-1, max-image-preview:large, max-video-preview:-1\" \/>\n<link rel=\"canonical\" href=\"https:\/\/itena-clinical.com\/es\/debde-articulofin\/debarticulo-los-los-de-sobrefin\/\" \/>\n<meta property=\"og:locale\" content=\"es_ES\" \/>\n<meta property=\"og:type\" content=\"article\" \/>\n<meta property=\"og:title\" content=\"Recuperar su contrase\u00f1a - Itena\" \/>\n<meta property=\"og:description\" content=\"Restablecer su contrase\u00f1a Su contrase\u00f1a\" \/>\n<meta property=\"og:url\" content=\"https:\/\/itena-clinical.com\/es\/debde-articulofin\/debarticulo-los-los-de-sobrefin\/\" \/>\n<meta property=\"og:site_name\" content=\"Itena\" \/>\n<meta property=\"article:modified_time\" content=\"2025-04-22T09:04:38+00:00\" \/>\n<meta name=\"twitter:card\" content=\"summary_large_image\" \/>\n<script type=\"application\/ld+json\" class=\"yoast-schema-graph\">{\"@context\":\"https:\\\/\\\/schema.org\",\"@graph\":[{\"@type\":\"WebPage\",\"@id\":\"https:\\\/\\\/itena-clinical.com\\\/es\\\/debde-articulofin\\\/debarticulo-los-los-de-sobrefin\\\/\",\"url\":\"https:\\\/\\\/itena-clinical.com\\\/es\\\/debde-articulofin\\\/debarticulo-los-los-de-sobrefin\\\/\",\"name\":\"Recuperar su contrase\u00f1a - Itena\",\"isPartOf\":{\"@id\":\"https:\\\/\\\/itena-clinical.com\\\/es\\\/#website\"},\"datePublished\":\"2024-08-23T13:43:26+00:00\",\"dateModified\":\"2025-04-22T09:04:38+00:00\",\"breadcrumb\":{\"@id\":\"https:\\\/\\\/itena-clinical.com\\\/es\\\/debde-articulofin\\\/debarticulo-los-los-de-sobrefin\\\/#breadcrumb\"},\"inLanguage\":\"es\",\"potentialAction\":[{\"@type\":\"ReadAction\",\"target\":[\"https:\\\/\\\/itena-clinical.com\\\/es\\\/debde-articulofin\\\/debarticulo-los-los-de-sobrefin\\\/\"]}]},{\"@type\":\"BreadcrumbList\",\"@id\":\"https:\\\/\\\/itena-clinical.com\\\/es\\\/debde-articulofin\\\/debarticulo-los-los-de-sobrefin\\\/#breadcrumb\",\"itemListElement\":[{\"@type\":\"ListItem\",\"position\":1,\"name\":\"Inicio\",\"item\":\"https:\\\/\\\/itena-clinical.com\\\/es\\\/\"},{\"@type\":\"ListItem\",\"position\":2,\"name\":\"Iniciar sesi\u00f3n\",\"item\":\"https:\\\/\\\/itena-clinical.com\\\/es\\\/connexion\\\/\"},{\"@type\":\"ListItem\",\"position\":3,\"name\":\"Recuperar su contrase\u00f1a\"}]},{\"@type\":\"WebSite\",\"@id\":\"https:\\\/\\\/itena-clinical.com\\\/es\\\/#website\",\"url\":\"https:\\\/\\\/itena-clinical.com\\\/es\\\/\",\"name\":\"Itena\",\"description\":\"\",\"publisher\":{\"@id\":\"https:\\\/\\\/itena-clinical.com\\\/es\\\/#organization\"},\"potentialAction\":[{\"@type\":\"SearchAction\",\"target\":{\"@type\":\"EntryPoint\",\"urlTemplate\":\"https:\\\/\\\/itena-clinical.com\\\/es\\\/?s={search_term_string}\"},\"query-input\":{\"@type\":\"PropertyValueSpecification\",\"valueRequired\":true,\"valueName\":\"search_term_string\"}}],\"inLanguage\":\"es\"},{\"@type\":\"Organization\",\"@id\":\"https:\\\/\\\/itena-clinical.com\\\/es\\\/#organization\",\"name\":\"Itena\",\"url\":\"https:\\\/\\\/itena-clinical.com\\\/es\\\/\",\"logo\":{\"@type\":\"ImageObject\",\"inLanguage\":\"es\",\"@id\":\"https:\\\/\\\/itena-clinical.com\\\/es\\\/#\\\/schema\\\/logo\\\/image\\\/\",\"url\":\"https:\\\/\\\/itena-clinical.com\\\/wp-content\\\/uploads\\\/2024\\\/04\\\/itena_clinical_logo.svg\",\"contentUrl\":\"https:\\\/\\\/itena-clinical.com\\\/wp-content\\\/uploads\\\/2024\\\/04\\\/itena_clinical_logo.svg\",\"caption\":\"Itena\"},\"image\":{\"@id\":\"https:\\\/\\\/itena-clinical.com\\\/es\\\/#\\\/schema\\\/logo\\\/image\\\/\"}}]}<\/script>\n<!-- \/ Yoast SEO plugin. -->","yoast_head_json":{"title":"Recuperar su contrase\u00f1a - Itena","robots":{"index":"index","follow":"follow","max-snippet":"max-snippet:-1","max-image-preview":"max-image-preview:large","max-video-preview":"max-video-preview:-1"},"canonical":"https:\/\/itena-clinical.com\/es\/debde-articulofin\/debarticulo-los-los-de-sobrefin\/","og_locale":"es_ES","og_type":"article","og_title":"Recuperar su contrase\u00f1a - Itena","og_description":"Restablecer su contrase\u00f1a Su contrase\u00f1a","og_url":"https:\/\/itena-clinical.com\/es\/debde-articulofin\/debarticulo-los-los-de-sobrefin\/","og_site_name":"Itena","article_modified_time":"2025-04-22T09:04:38+00:00","twitter_card":"summary_large_image","schema":{"@context":"https:\/\/schema.org","@graph":[{"@type":"WebPage","@id":"https:\/\/itena-clinical.com\/es\/debde-articulofin\/debarticulo-los-los-de-sobrefin\/","url":"https:\/\/itena-clinical.com\/es\/debde-articulofin\/debarticulo-los-los-de-sobrefin\/","name":"Recuperar su contrase\u00f1a - Itena","isPartOf":{"@id":"https:\/\/itena-clinical.com\/es\/#website"},"datePublished":"2024-08-23T13:43:26+00:00","dateModified":"2025-04-22T09:04:38+00:00","breadcrumb":{"@id":"https:\/\/itena-clinical.com\/es\/debde-articulofin\/debarticulo-los-los-de-sobrefin\/#breadcrumb"},"inLanguage":"es","potentialAction":[{"@type":"ReadAction","target":["https:\/\/itena-clinical.com\/es\/debde-articulofin\/debarticulo-los-los-de-sobrefin\/"]}]},{"@type":"BreadcrumbList","@id":"https:\/\/itena-clinical.com\/es\/debde-articulofin\/debarticulo-los-los-de-sobrefin\/#breadcrumb","itemListElement":[{"@type":"ListItem","position":1,"name":"Inicio","item":"https:\/\/itena-clinical.com\/es\/"},{"@type":"ListItem","position":2,"name":"Iniciar sesi\u00f3n","item":"https:\/\/itena-clinical.com\/es\/connexion\/"},{"@type":"ListItem","position":3,"name":"Recuperar su contrase\u00f1a"}]},{"@type":"WebSite","@id":"https:\/\/itena-clinical.com\/es\/#website","url":"https:\/\/itena-clinical.com\/es\/","name":"Itena","description":"","publisher":{"@id":"https:\/\/itena-clinical.com\/es\/#organization"},"potentialAction":[{"@type":"SearchAction","target":{"@type":"EntryPoint","urlTemplate":"https:\/\/itena-clinical.com\/es\/?s={search_term_string}"},"query-input":{"@type":"PropertyValueSpecification","valueRequired":true,"valueName":"search_term_string"}}],"inLanguage":"es"},{"@type":"Organization","@id":"https:\/\/itena-clinical.com\/es\/#organization","name":"Itena","url":"https:\/\/itena-clinical.com\/es\/","logo":{"@type":"ImageObject","inLanguage":"es","@id":"https:\/\/itena-clinical.com\/es\/#\/schema\/logo\/image\/","url":"https:\/\/itena-clinical.com\/wp-content\/uploads\/2024\/04\/itena_clinical_logo.svg","contentUrl":"https:\/\/itena-clinical.com\/wp-content\/uploads\/2024\/04\/itena_clinical_logo.svg","caption":"Itena"},"image":{"@id":"https:\/\/itena-clinical.com\/es\/#\/schema\/logo\/image\/"}}]}},"_links":{"self":[{"href":"https:\/\/itena-clinical.com\/es\/wp-json\/wp\/v2\/pages\/9843","targetHints":{"allow":["GET"]}}],"collection":[{"href":"https:\/\/itena-clinical.com\/es\/wp-json\/wp\/v2\/pages"}],"about":[{"href":"https:\/\/itena-clinical.com\/es\/wp-json\/wp\/v2\/types\/page"}],"author":[{"embeddable":true,"href":"https:\/\/itena-clinical.com\/es\/wp-json\/wp\/v2\/users\/1"}],"replies":[{"embeddable":true,"href":"https:\/\/itena-clinical.com\/es\/wp-json\/wp\/v2\/comments?post=9843"}],"version-history":[{"count":3,"href":"https:\/\/itena-clinical.com\/es\/wp-json\/wp\/v2\/pages\/9843\/revisions"}],"predecessor-version":[{"id":11144,"href":"https:\/\/itena-clinical.com\/es\/wp-json\/wp\/v2\/pages\/9843\/revisions\/11144"}],"up":[{"embeddable":true,"href":"https:\/\/itena-clinical.com\/es\/wp-json\/wp\/v2\/pages\/9831"}],"wp:attachment":[{"href":"https:\/\/itena-clinical.com\/es\/wp-json\/wp\/v2\/media?parent=9843"}],"curies":[{"name":"wp","href":"https:\/\/api.w.org\/{rel}","templated":true}]}}